{"id":30,"date":"2022-08-15T18:02:48","date_gmt":"2022-08-15T18:02:48","guid":{"rendered":"https:\/\/desapy.com\/panamsoft\/home\/"},"modified":"2025-05-18T11:25:50","modified_gmt":"2025-05-18T11:25:50","slug":"home","status":"publish","type":"page","link":"https:\/\/desapy.com\/panamsoft\/","title":{"rendered":"Home"},"content":{"rendered":"\n\n\n<h2>\u00bfLo que ofrecemos?<\/h2>\n<p style=\"text-align: center\"><font style=\"vertical-align: inherit;\"><font style=\"vertical-align: inherit;\">Ofrecemos desarrollo de software para empresas y personas que desee elevar su productividad y mejorar sus servicios, tanto a nivel local como mundial.<\/font><\/font><\/p>\n\n\n<p>En nuestra empresa ofrecemos desarrollos para empresas y personas:<\/p>\n<p><font style=\"vertical-align: inherit;\"><font style=\"vertical-align: inherit;\">Somos generandores de sistemas web con seguridad en accesos y auditables.<\/font><\/font><\/p>\n<p><font style=\"vertical-align: inherit;\"><font style=\"vertical-align: inherit;\">Contamos con softwares para monitoreo de seguridad&nbsp; en vuestro sistema:.<\/font><\/font><\/p>\n<p><font style=\"vertical-align: inherit;\"><font style=\"vertical-align: inherit;\">Desarrollo para plataforma ANDROID APP para celulares y tablet<\/font><\/font><\/p>\n\n\n\n\n\n\n<p><font style=\"vertical-align: inherit;\"><font style=\"vertical-align: inherit;\">Generamos web y base de datos para empresas y personas fisicas.<\/font><\/font><\/p>\n<p><font style=\"vertical-align: inherit;\"><font style=\"vertical-align: inherit;\">Realizamos entrenamiento para la utilizacion y manejo del software desarrollado.<\/font><\/font><\/p>\n<p><font style=\"vertical-align: inherit;\"><font style=\"vertical-align: inherit;\">Desarrollo en ambiente web para todas las plataformas..<\/font><\/font><\/p>\n<p><font style=\"vertical-align: inherit;\"><font style=\"vertical-align: inherit;\">Todos los desarrollos de la empresa estan considerados seguros para cualquier tipo de ambiente.<\/font><\/font><\/p>\n\n\n\n\n\n\n\n\n\n\n<h2>Outsourcing TI.<\/h2>\n<p style=\"text-align: justify\">M\u00c1S QUE UN PROVEEDOR, UN SOCIO DE NEGOCIOS\nFortalece tu equipo interno con el talento mejor calificado para cumplir con tus desaf\u00edos tecnol\u00f3gicos.\nHacemos nuestros tus proyectos y nos comprometemos al 100% con el resultado.\nContamos con personal especializado en arquitectura de software, administraci\u00f3n de proyectos, an\u00e1lisis de negocio, programaci\u00f3n y pruebas de software.<\/p>\n\n\n\n\n<h2><span class=\"gvxzyvdx aeinzg81 t7p7dqev gh25dzvf ocv3nf92 b6ax4al1 gem102v4 ncib64c9 mrvwc6qr sx8pxkcf f597kf1v cpcgwwas f5mw3jnl ib8x7mpr k1z55t6l oog5qr5w tes86rjd pbevjfx6 ztn2w49o\" dir=\"auto\">Sistema de Pedidos y Delivery Online<\/span><\/h2>\n<p style=\"text-align: justify\"><span class=\"gvxzyvdx aeinzg81 t7p7dqev gh25dzvf ocv3nf92 b6ax4al1 gem102v4 ncib64c9 mrvwc6qr sx8pxkcf f597kf1v cpcgwwas f5mw3jnl ib8x7mpr k1z55t6l oog5qr5w tes86rjd pbevjfx6 ztn2w49o\" dir=\"auto\"><div class=\"l7ghb35v kjdc1dyq kmwttqpk gh25dzvf jikcssrz n3t5jt4f\"><div dir=\"auto\" style=\"text-align: start;\">Llega a todos tus clientes y genera nuevas ventas con nuestra aplicaci\u00f3n m\u00f3vil y sistema de pedidos y delivery online<\/div><\/div><div class=\"l7ghb35v kjdc1dyq kmwttqpk gh25dzvf jikcssrz n3t5jt4f\"><div dir=\"auto\" style=\"text-align: start;\">Haz que cada uno de tus clientes adquiera tu producto sin importan donde se encuentren, con la ayuda de nuestro sistema de pedidos en la nube y la aplicaci\u00f3n m\u00f3vil.<\/div><\/div><div class=\"l7ghb35v kjdc1dyq kmwttqpk gh25dzvf jikcssrz n3t5jt4f\"><div dir=\"auto\" style=\"text-align: start;\">El <span><\/span>sistema de pedidos: Es un sistema web para que puedas administrar pedidos u ordenes de compra. Tu puedes facilmente administrar: pedidos \/ proveedores\/ productos \/ usuarios y hasta los datos de tu empresa o negocio.<\/div><\/div><div class=\"l7ghb35v kjdc1dyq kmwttqpk gh25dzvf jikcssrz n3t5jt4f\"><div dir=\"auto\" style=\"text-align: start;\">Pedidos ilimitados y sin comisiones sin importar cu\u00e1n grande es tu negocio.<\/div><\/div><div class=\"l7ghb35v kjdc1dyq kmwttqpk gh25dzvf jikcssrz n3t5jt4f\"><div dir=\"auto\" style=\"text-align: start;\">Ideal para empresas o neogocios:<\/div><\/div><div class=\"l7ghb35v kjdc1dyq kmwttqpk gh25dzvf jikcssrz n3t5jt4f\"><div dir=\"auto\" style=\"text-align: start;\">Ferreterias<\/div><div dir=\"auto\" style=\"text-align: start;\">Teindas de ropa<\/div><div dir=\"auto\" style=\"text-align: start;\">Restaurantes<\/div><div dir=\"auto\" style=\"text-align: start;\">Carnicerias<\/div><div dir=\"auto\" style=\"text-align: start;\">Supermercados<\/div><div dir=\"auto\" style=\"text-align: start;\">Farmacias<\/div><\/div><\/span><\/p>\n<p style=\"text-align: justify\"><span class=\"gvxzyvdx aeinzg81 t7p7dqev gh25dzvf ocv3nf92 b6ax4al1 gem102v4 ncib64c9 mrvwc6qr sx8pxkcf f597kf1v cpcgwwas f5mw3jnl ib8x7mpr k1z55t6l oog5qr5w tes86rjd pbevjfx6 ztn2w49o\" dir=\"auto\"><div class=\"l7ghb35v kjdc1dyq kmwttqpk gh25dzvf jikcssrz n3t5jt4f\"><div dir=\"auto\" style=\"text-align: start;\">Llega a todos tus clientes y genera nuevas ventas con nuestra aplicaci\u00f3n m\u00f3vil y sistema de pedidos y delivery online<\/div><\/div><div class=\"l7ghb35v kjdc1dyq kmwttqpk gh25dzvf jikcssrz n3t5jt4f\"><div dir=\"auto\" style=\"text-align: start;\">Haz que cada uno de tus clientes adquiera tu producto sin importan donde se encuentren, con la ayuda de nuestro sistema de pedidos en la nube y la aplicaci\u00f3n m\u00f3vil.<\/div><\/div><div class=\"l7ghb35v kjdc1dyq kmwttqpk gh25dzvf jikcssrz n3t5jt4f\"><div dir=\"auto\" style=\"text-align: start;\">El <span><\/span>sistema de pedidos: Es un sistema web para que puedas administrar pedidos u ordenes de compra. Tu puedes facilmente administrar: pedidos \/ proveedores\/ productos \/ usuarios y hasta los datos de tu empresa o negocio.<\/div><\/div><div class=\"l7ghb35v kjdc1dyq kmwttqpk gh25dzvf jikcssrz n3t5jt4f\"><div dir=\"auto\" style=\"text-align: start;\">Pedidos ilimitados y sin comisiones sin importar cu\u00e1n grande es tu negocio.<\/div><\/div><div class=\"l7ghb35v kjdc1dyq kmwttqpk gh25dzvf jikcssrz n3t5jt4f\"><div dir=\"auto\" style=\"text-align: start;\">Ideal para empresas o neogocios:<\/div><\/div><div class=\"l7ghb35v kjdc1dyq kmwttqpk gh25dzvf jikcssrz n3t5jt4f\"><div dir=\"auto\" style=\"text-align: start;\">Ferreterias<\/div><div dir=\"auto\" style=\"text-align: start;\">Teindas de ropa<\/div><div dir=\"auto\" style=\"text-align: start;\">Restaurantes<\/div><div dir=\"auto\" style=\"text-align: start;\">Carnicerias<\/div><div dir=\"auto\" style=\"text-align: start;\">Supermercados<\/div><div dir=\"auto\" style=\"text-align: start;\">Farmacias<\/div><\/div><\/span><\/p>\n\n\n\n\n\n\n\n\n\n\n\n\n<h2><span class=\"gvxzyvdx aeinzg81 t7p7dqev gh25dzvf ocv3nf92 b6ax4al1 gem102v4 ncib64c9 mrvwc6qr sx8pxkcf f597kf1v cpcgwwas f5mw3jnl ib8x7mpr k1z55t6l oog5qr5w tes86rjd pbevjfx6 ztn2w49o\" dir=\"auto\">Intranet para empresas y entidades financieras:<\/span><\/h2>\n<p style=\"text-align: justify\"><span class=\"gvxzyvdx aeinzg81 t7p7dqev gh25dzvf ocv3nf92 b6ax4al1 gem102v4 ncib64c9 mrvwc6qr sx8pxkcf f597kf1v cpcgwwas f5mw3jnl ib8x7mpr k1z55t6l oog5qr5w tes86rjd pbevjfx6 ztn2w49o\" dir=\"auto\"><\/span><\/p><p class=\"l7ghb35v kjdc1dyq kmwttqpk gh25dzvf jikcssrz n3t5jt4f\"><\/p><p dir=\"auto\" style=\"text-align: start;\">En PANAMSOFT somos especialistas en el dise\u00f1o y desarrollo de INTRANET&nbsp; y EXTRANET WEB adaptadas a las necesidades de los&nbsp; empleado de tu empresa.<\/p><p class=\"l7ghb35v kjdc1dyq kmwttqpk gh25dzvf jikcssrz n3t5jt4f\"><\/p><p dir=\"auto\" style=\"text-align: start;\">Desarrollamos INTRANET y EXTRANET adaptadas a m\u00f3viles, optimizadas para los buscadores, multilenguajes y multidivisas.<\/p><p class=\"l7ghb35v kjdc1dyq kmwttqpk gh25dzvf jikcssrz n3t5jt4f\"><\/p><p dir=\"auto\" style=\"text-align: start;\">Si <span><\/span>deseas comenzar a digitalizar o tienes en mente un proyecto relacionado a un gestor de datos y archivos como una inatranet o extranet,&nbsp; nuestro equipo de dise\u00f1adores, desarrolladores y expertos estudiar\u00e1n tu caso y trabajar\u00e1n de cerca atendiendo tus intereses y asesor\u00e1ndote para conseguir tu intranet o extranet funcional. Para aumentar o potenciar la intranet o extranet ofrecemos servicios de asistencia.<\/p><p class=\"l7ghb35v kjdc1dyq kmwttqpk gh25dzvf jikcssrz n3t5jt4f\"><\/p><p dir=\"auto\" style=\"text-align: start;\">Adem\u00e1s, realizamos integraciones entre la intranet o extranet y el programa de gesti\u00f3n que tengas implantado en tu empresa para que tengas sincronizada autom\u00e1ticamente la informaci\u00f3n y actualizado con mayor control sin dobles trabajos.<\/p><p><\/p>\n\n\n\n\n<h2><span class=\"gvxzyvdx aeinzg81 t7p7dqev gh25dzvf ocv3nf92 b6ax4al1 gem102v4 ncib64c9 mrvwc6qr sx8pxkcf f597kf1v cpcgwwas f5mw3jnl ib8x7mpr k1z55t6l oog5qr5w tes86rjd pbevjfx6 ztn2w49o\" dir=\"auto\">DESARROLLOS DE SOFTWARE A MEDIDA PARA AGREGAR VALOR A TU NEGOCIO:<\/span><\/h2>\n<p style=\"text-align: justify\"><span class=\"gvxzyvdx aeinzg81 t7p7dqev gh25dzvf ocv3nf92 b6ax4al1 gem102v4 ncib64c9 mrvwc6qr sx8pxkcf f597kf1v cpcgwwas f5mw3jnl ib8x7mpr k1z55t6l oog5qr5w tes86rjd pbevjfx6 ztn2w49o\" dir=\"auto\">La\n constante digitalizaci\u00f3n del mercado hace necesaria la inmediata \nimplementaci\u00f3n de soluciones tecnol\u00f3gicas que satisfagan las necesidades\n de cada organizaci\u00f3n; es por ello que en PANAMSOFT llevamos m\u00e1s de 20 \na\u00f1os asesorando y ayudando a cientos de clientes en el desarrollo de \nsoftware a medida, incluyendo desarrollos webs o aplicaciones para \nnegocios que lideran su sector.<\/span><\/p>\n\n\n\n\n\n\n\n\n\n\n\n\n\n\n\n\n\n\n\n\n\n\n\n\n\n\n\n\n\n\n<h5>E- Commerce:<br><\/h5>\n<p>Contamos con plataformas para desarrollos de WEB E COMMERCE , con esto ofrecemos a nuestros clientes la posibilidad de la venta segura de sus productos y la interactuacion con sus clientes<br><\/p>\n\n\n\n\n\n\n\n<h5>Sistemas para Estudios Juridicos:<br><\/h5>\n<p>Es una plataforma para la administracion de Estudios Juridicos, que cuenta con registro para clientes, registros juicios, oficios, y contable basica, cuenta con los siguientes modulos:<br><\/p>\n\nContable Basica\nRegistro ABM cliente\nModulo digitalizacion documentacion\nModulo ATENCION AL CLIENTE\n\n\n\n\n\n\n\n\n<h5>SOFTWARE PARA CLINICAS:<br><\/h5>\n<p>Contamos con softwares para clinicas para al atencion a los pacientes y administracion contable, posee los siguientes modulos:<br><\/p>\n\nAdministracion \/ Contable\nGestion fichas y turnos para pacientes\nRegistros de medicamentes, consultas\nRegistro general del paciente y mas modulos\n\n\n\n\n\n\n\n\n<h5>Customer Services<br><\/h5>\n<p>Es una plataforma de atencion y registro del cliente, en donde se puede realizar agendamientos, registros y pedidos. Posee los siguientes modulos:<br><\/p>\n\nControl Call Center\nAgendamientos\nRegistro ABM Cliente\nMovimientos clientes\n\n\n\n\n\n\n\n\n\n\n\n\n","protected":false},"excerpt":{"rendered":"","protected":false},"author":0,"featured_media":0,"parent":0,"menu_order":0,"comment_status":"closed","ping_status":"closed","template":"","meta":{"pagelayer_contact_templates":[],"_pagelayer_content":"","footnotes":""},"class_list":["post-30","page","type-page","status-publish","hentry"],"_links":{"self":[{"href":"https:\/\/desapy.com\/panamsoft\/wp-json\/wp\/v2\/pages\/30","targetHints":{"allow":["GET"]}}],"collection":[{"href":"https:\/\/desapy.com\/panamsoft\/wp-json\/wp\/v2\/pages"}],"about":[{"href":"https:\/\/desapy.com\/panamsoft\/wp-json\/wp\/v2\/types\/page"}],"replies":[{"embeddable":true,"href":"https:\/\/desapy.com\/panamsoft\/wp-json\/wp\/v2\/comments?post=30"}],"version-history":[{"count":20,"href":"https:\/\/desapy.com\/panamsoft\/wp-json\/wp\/v2\/pages\/30\/revisions"}],"predecessor-version":[{"id":166,"href":"https:\/\/desapy.com\/panamsoft\/wp-json\/wp\/v2\/pages\/30\/revisions\/166"}],"wp:attachment":[{"href":"https:\/\/desapy.com\/panamsoft\/wp-json\/wp\/v2\/media?parent=30"}],"curies":[{"name":"wp","href":"https:\/\/api.w.org\/{rel}","templated":true}]}}